{"id":1411,"date":"2020-07-21T07:48:59","date_gmt":"2020-07-21T07:48:59","guid":{"rendered":"https:\/\/training.witzany.at\/?page_id=1411"},"modified":"2023-07-06T13:53:35","modified_gmt":"2023-07-06T13:53:35","slug":"datenschutzerklaerung","status":"publish","type":"page","link":"https:\/\/training.witzany.at\/?page_id=1411","title":{"rendered":"Datenschutzerkl\u00e4rung"},"content":{"rendered":"\n<p>Die Betreiber dieser Seiten nehmen den Schutz Ihrer pers\u00f6nlichen Daten sehr ernst. Wir behandeln Ihre personenbezogenen Daten vertraulich und entsprechend der gesetzlichen Datenschutzvorschriften sowie dieser Datenschutzerkl\u00e4rung.<\/p>\n\n\n\n<p>Die Nutzung unserer Webseite ist in der Regel ohne Angabe personen\u00adbezogener Daten m\u00f6glich. Soweit auf unseren Seiten personenbezogene Daten (beispielsweise Name, Anschrift oder E-Mail-Adressen) erhoben werden, erfolgt dies stets auf freiwilliger Basis. Diese Daten werden ohne Ihre ausdr\u00fcckliche Zustimmung nicht an Dritte weitergegeben.<\/p>\n\n\n\n<p>Wir weisen darauf hin, dass die Daten\u00fcbertragung im Internet (z.B. bei der Kommunikation per E-Mail) Sicherheitsl\u00fccken aufweisen kann. Ein l\u00fcckenloser Schutz der Daten vor dem Zugriff durch Dritte ist nicht m\u00f6glich.<\/p>\n\n\n\n<h2 class=\"wp-block-heading\">TRAINING.<strong>WITZANY.AT WEBSITE UND NEWSLETTER<\/strong><\/h2>\n\n\n\n<h3 class=\"wp-block-heading\">EINWILLIGUNG<\/h3>\n\n\n\n<p>Mit dem Nutzen der Website stimmen Sie der unter dieser Erkl\u00e4rung beschriebenen Speicherung und Nutzung Ihrer Daten zu. \u00c4nderungen an dieser Datenschutzerkl\u00e4rung werden direkt auf dieser Seite vorgenommen, sodass Sie immer dar\u00fcber informiert sind, welche Daten WITZANY.AT speichert und nutzt.<\/p>\n\n\n\n<h3 class=\"wp-block-heading\"><strong>VERWENDUNG UND ZWECKBINDUNG DER DATEN<\/strong><\/h3>\n\n\n\n<p>Welche Informationen sammeln, speichern und verarbeiten wir zu welchem Zweck?<\/p>\n\n\n\n<h4 class=\"wp-block-heading\">IP-Adressen<\/h4>\n\n\n\n<p>Wenn Sie unsere Website besuchen, erkennen wir Ihre IP-Adresse oder Ihren Dom\u00e4nennamen, nicht aber Ihre E-Mail-Adresse. Wir sehen Ihre E-Mail-Adresse nur dann, wenn Sie uns diese durch Ausf\u00fcllen eines Formulars oder Senden einer E-Mail direkt bekannt geben.<\/p>\n\n\n\n<h4 class=\"wp-block-heading\">Cookie-Hinweis<\/h4>\n\n\n\n<p>Die Internetseiten verwenden Cookies. Diese richten auf Ihrem Rechner keinen Schaden an und enthalten keine Viren. Cookies dienen dazu, unser Angebot nutzerfreundlicher, effektiver und sicherer zu machen. Cookies werden f\u00fcr personalisierte Inhalte, zur Vermeidung wiederholter Passworteingaben oder zur Anpassung des Informationsangebotes an das Benutzerverhalten verwendet. Bei der Deaktivierung von Cookies kann die Funktionalit\u00e4t dieser Website eingeschr\u00e4nkt sein.<\/p>\n\n\n\n<h4 class=\"wp-block-heading\">Download<\/h4>\n\n\n\n<p>Wenn Sie sich in einem unserer Download-Bereiche registrieren, erhalten Sie durch ein Double-Opt-In-Verfahren ein E-Mail. Wenn Sie den Link in diesem E-Mail best\u00e4tigen, kommen Sie direkt zum Download-Bereich und k\u00f6nnen dort die von Ihnen gew\u00fcnschten Informationen, Texte und Dokumente einsehen und abspeichern.<\/p>\n\n\n\n<h4 class=\"wp-block-heading\">E-Mail-Adressen<\/h4>\n\n\n\n<p>Wenn Sie Ihre E-Mail-Adresse angeben, kommunizieren wir mit Ihnen \u00fcber E-Mail. Wir werden Ihre E-Mail-Adresse nicht an Dritte au\u00dferhalb von Kristina Witzany Training &amp; Consulting EU bzw. Ing. Andreas Witzany CRM Consulting &amp; Dienstleistung EU weitergeben. Wenn Sie keine E-Mails von uns mehr erhalten wollen, so k\u00f6nnen Sie diese jederzeit abbestellen. Bei der Versendung einer E-Mail an Kristina Witzany Training &amp; Consulting EU bzw. Ing. Andreas Witzany CRM Consulting &amp; Dienstleistung EU k\u00f6nnen, je nach Einstellung Ihres E-Mail-Programmes, automatisch personenbezogene Daten \u00fcbermittelt werden. Wir werden diese Daten ebenfalls vertraulich behandeln.<\/p>\n\n\n\n<h4 class=\"wp-block-heading\">Anmeldung zu Veranstaltungen<\/h4>\n\n\n\n<p>Unsere Website enth\u00e4lt Anmeldeformulare, die Sie ausf\u00fcllen k\u00f6nnen, um sich f\u00fcr unsere Seminare, Vortr\u00e4gem, Ausbildungen und Trainings anzumelden. Die uns so \u00fcbermittelten Daten werden von uns ausschlie\u00dflich nur f\u00fcr diesen speziellen Vorgang genutzt.<\/p>\n\n\n\n<h3 class=\"wp-block-heading\">HINWEISE ZU VERLINKTEN SEITEN<\/h3>\n\n\n\n<p>Unsere Website enth\u00e4lt ebenfalls Links auf andere Websites von Drittanbietern. Kristina Witzany Training &amp; Consulting EU bzw. Ing. Andreas Witzany CRM Consulting &amp; Dienstleistung EU ist nicht verantwortlich f\u00fcr die Datenschutzvorkehrungen oder den Inhalt anderer Websites.<\/p>\n\n\n\n<h4 class=\"wp-block-heading\">NEWSLETTER UND OPT-OUT<\/h4>\n\n\n\n<p>Ing. Andreas Witzany CRM Consulting &amp; Dienstleistung EU sendet in regelm\u00e4\u00dfigen Abst\u00e4nden Newsletter aus, die Sie kostenlos abonnieren k\u00f6nnen. Wir informieren Sie mit hilfreichen und rasch umsetzbaren Tipps. Kurz, knapp, knackig und n\u00fctzlich bereiten wir die Informationen f\u00fcr Sie auf. Wenn Sie keine E-Mail-Nachrichten von Ing. Andreas Witzany CRM Consulting &amp; Dienstleistung EU mehr erhalten wollen, k\u00f6nnen Sie jederzeit die zuvor erteilte Genehmigung widerrufen. Um aus der E-Mail-Liste ausgetragen zu werden, reicht eine E-Mail-Nachricht an\u00a0<a href=\"mailto:info@witzany.at\">info@witzany.at<\/a>. Details zur Abmeldung vom jeweiligen Newsletter finden Sie auch in jedem Newsletter.<\/p>\n\n\n\n<h3 class=\"wp-block-heading\">VERWENDUNG VON GOOGLE ANALYTICS<\/h3>\n\n\n\n<p>Diese Website benutzt Google Analytics, einen Webanalysedienst der Google Inc. (\u201eGoogle\u201c). Google Analytics verwendet sog. \u201eCookies\u201c, Textdateien, die auf Ihrem Computer gespeichert werden und die eine Analyse der Benutzung der Website durch Sie erm\u00f6glicht. Die durch den Cookie erzeugten Informationen \u00fcber Ihre Benutzung dieser Website (einschlie\u00dflich Ihrer IP-Adresse) wird an einen Server von Google in den USA \u00fcbertragen und dort gespeichert. Google wird diese Informationen benutzen, um Ihre Nutzung der Website auszuwerten, um Reports \u00fcber die Websiteaktivit\u00e4ten f\u00fcr die Websitebetreiber zusammenzustellen und um weitere mit der Websitenutzung und der Internetnutzung verbundene Dienstleistungen zu erbringen. Auch wird Google diese Informationen gegebenenfalls an Dritte \u00fcbertragen, sofern dies gesetzlich vorgeschrieben oder soweit Dritte diese Daten im Auftrag von Google verarbeiten. Google wird in keinem Fall Ihre IP-Adresse mit anderen Daten von Google in Verbindung bringen. Sie k\u00f6nnen die Installation der Cookies durch eine entsprechende Einstellung Ihrer Browser Software verhindern; wir weisen Sie jedoch darauf hin, dass Sie in diesem Fall gegebenenfalls nicht s\u00e4mtliche Funktionen dieser Website voll umf\u00e4nglich nutzen k\u00f6nnen. Durch die Nutzung dieser Website erkl\u00e4ren Sie sich mit der Bearbeitung der \u00fcber Sie erhobenen Daten durch Google in der zuvor beschriebenen Art und Weise und zu dem zuvor benannten Zweck einverstanden.<\/p>\n\n\n\n<h3 class=\"wp-block-heading\"><strong>ZOOM F\u00dcR ONLINE-MEETINGS<\/strong> UND SEMINARE<\/h3>\n\n\n\n<p>Wir nutzen das Tool \u201eZoom\u201c, um Telefonkonferenzen, Online-Meetings, Videokonferenzen und\/oder Online-Seminare durchzuf\u00fchren (nachfolgend: \u201eOnline-Meetings\u201c). \u201eZoom\u201c ist ein Service der Zoom Video Communications, Inc., die ihren Sitz in den USA hat.&nbsp;<br>Soweit Sie die Internetseite von \u201eZoom\u201c aufrufen, ist der Anbieter von \u201eZoom\u201c f\u00fcr die Datenverarbeitung verantwortlich. Ein Aufruf der Internetseite ist f\u00fcr die Nutzung von \u201eZoom\u201c jedoch nur erforderlich, um sich die Software f\u00fcr die Nutzung von \u201eZoom\u201c herunterzuladen. Sie k\u00f6nnen \u201eZoom\u201c auch nutzen, wenn Sie die jeweilige Meeting-ID und ggf. weitere Zugangsdaten zum Meeting direkt in der \u201eZoom\u201c-App eingeben.&nbsp;Wenn Sie die \u201eZoom\u201c-App nicht nutzen wollen oder k\u00f6nnen, dann sind die Basisfunktionen auch \u00fcber eine Browser-Version nutzbar, die Sie ebenfalls auf der Website von \u201eZoom\u201c finden.<\/p>\n\n\n\n<h4 class=\"wp-block-heading\"><strong>Welche Daten werden verarbeitet?<\/strong><\/h4>\n\n\n\n<p>Wir arbeiten immer mit der aktuellsten Version von Zoom (aktuell 5.0) mit den h\u00f6chsten Sicherheitsstandards (GCM-Verschl\u00fcsselung). Bei der Nutzung von \u201eZoom\u201c werden verschiedene Datenarten verarbeitet. Der Umfang der Daten h\u00e4ngt dabei auch davon ab, welche Daten Sie vor bzw. bei der Teilnahme an einem \u201eOnline-Meeting\u201c machen.<\/p>\n\n\n\n<h4 class=\"wp-block-heading\">Angaben zum Benutzer<\/h4>\n\n\n\n<p>Vorname, Nachname, Telefon (optional), E-Mail-Adresse, Passwort (wenn \u201eSingle-Sign-On\u201c nicht verwendet wird), Profilbild (optional)<\/p>\n\n\n\n<h4 class=\"wp-block-heading\">Meeting-Metadaten<\/h4>\n\n\n\n<p>Thema, Beschreibung (optional), Teilnehmer-IP-Adressen, Ger\u00e4te-\/Hardware-Informationen<\/p>\n\n\n\n<h4 class=\"wp-block-heading\"><strong>Bei Aufzeichnungen (optional)<\/strong><\/h4>\n\n\n\n<p>MP4-Datei aller Video-, Audio- und Pr\u00e4sentationsaufnahmen, M4A-Datei aller Audioaufnahmen, Textdatei des Online-Meeting-Chats. Wenn das Meeting aufgezeichnet wird, speichern wir dieses nur lokal auf unserem Server, der in \u00d6sterreich gehostet ist.<\/p>\n\n\n\n<h4 class=\"wp-block-heading\">Bei Einwahl mit dem Telefon<\/h4>\n\n\n\n<p>Angabe zur eingehenden und ausgehenden Rufnummer, L\u00e4ndername, Start- und Endzeit. Ggf. k\u00f6nnen weitere Verbindungsdaten wie z.B. die IP-Adresse des Ger\u00e4ts gespeichert werden<\/p>\n\n\n\n<h4 class=\"wp-block-heading\"><strong>Text-, Audio- und Videodaten<\/strong><\/h4>\n\n\n\n<p>Sie haben ggf. die M\u00f6glichkeit, in einem \u201eOnline-Meeting\u201c die Chat-, Fragen- oder Umfragenfunktionen zu nutzen. Insoweit werden die von Ihnen gemachten Texteingaben verarbeitet, um diese im \u201eOnline-Meeting\u201c anzuzeigen und ggf. zu protokollieren. Um die Anzeige von Video und die Wiedergabe von Audio zu erm\u00f6glichen, werden entsprechend w\u00e4hrend der Dauer des Meetings die Daten vom Mikrofon Ihres Endger\u00e4ts sowie von einer etwaigen Videokamera des Endger\u00e4ts verarbeitet. Sie k\u00f6nnen die Kamera oder das Mikrofon jederzeit selbst \u00fcber die \u201eZoom\u201c-Applikationen abschalten bzw. stummstellen.<br>Um an einem \u201eOnline-Meeting\u201c teilzunehmen bzw. den \u201eMeeting-Raum\u201c zu betreten, m\u00fcssen Sie zumindest Angaben zu Ihrem Namen machen. Wenn wir \u201eOnline-Meetings\u201c aufzeichnen wollen, werden wir Ihnen das im Vorwege transparent mitteilen und \u2013 soweit erforderlich \u2013 um eine Zustimmung bitten. Die Tatsache der Aufzeichnung wird Ihnen zudem in der \u201eZoom\u201c-App auditiv und visuell angezeigt. Wenn Sie bei \u201eZoom\u201c als Benutzer registriert sind, dann k\u00f6nnen Berichte \u00fcber \u201eOnline-Meetings\u201c (Meeting-Metadaten, Daten zur Telefoneinwahl, Fragen und Antworten in Webinaren, Umfragefunktion in Webinaren) bis zu einem Monat bei \u201eZoom\u201c gespeichert werden.<br>Die in \u201eOnline-Meeting\u201c-Tools wie \u201eZoom\u201d bestehende M\u00f6glichkeit einer softwareseitigen \u201eAufmerksamkeits\u00fcberwachung\u201c (\u201eAufmerksamkeitstracking\u201c) ist <strong>deaktiviert<\/strong>.<\/p>\n\n\n\n<h4 class=\"wp-block-heading\"><strong>Datenverarbeitung innerhalb der Europ\u00e4ischen Union:<\/strong><\/h4>\n\n\n\n<p>\u201eZoom\u201c ist ein Dienst, der von einem Anbieter aus den USA erbracht wird. Eine Verarbeitung der personenbezogenen Daten findet seit Mai 2020 auch in der EU statt. Wir w\u00e4hlen immer einen Server in der EU f\u00fcr die Datenverarbeitung.&nbsp;Wir haben mit dem Anbieter von \u201eZoom\u201c einen Auftragsverarbeitungsvertrag geschlossen, der den Anforderungen von Art. 28 DSGVO entspricht.&nbsp; Ein angemessenes Datenschutzniveau ist zum einen durch die \u201ePrivacy Shield\u201c-Zertifizierung der Zoom Video Communications, Inc., zum anderen aber auch durch den Abschluss der sog. EU-Standardvertragsklauseln garantiert. Sie finden hier die <a rel=\"noreferrer noopener\" href=\"https:\/\/zoom.us\/de-de\/privacy.html\" target=\"_blank\">Datenschutzerkl\u00e4rung von ZOOM<\/a>.<\/p>\n\n\n\n<h3 class=\"wp-block-heading\">REMARKETING<\/h3>\n\n\n\n<p>Diese Website verwendet Cookies, mit dem Zweck, die Besucher via Remarketing-Kampagnen mit Online-Werbung zu einem sp\u00e4teren Zeitpunkt im Google-Werbenetzwerk anzusprechen. Zur Schaltung von Remarketing-Anzeigen verwenden Drittanbieter wie Google Cookies auf der Grundlage eines Besuchs der vorliegenden Website. Sie als User haben die M\u00f6glichkeit, die Verwendung von Cookies durch Google zu deaktivieren, indem Sie die Seite zur Deaktivierung von Google unter www.google.com\/ads\/preferences aufrufen.<\/p>\n\n\n\n<h3 class=\"wp-block-heading\"><strong>FACEBOOK SOCIAL PLUGINS<\/strong><\/h3>\n\n\n\n<p>Unser Internetauftritt verwendet auf der Startseite als Social Plugin von Facebook die Like-Box bzw. den Like-Button. Wenn Sie die Startseite unseres Internetauftritts aufrufen, baut Ihr Browser eine direkte Verbindung mit den Servern von Facebook auf. Hierbei wird von Facebook der Inhalt des Plugins direkt an Ihren Browser \u00fcbermittelt und von diesem in die Webseite eingebunden. Wir haben daher keinen Einfluss auf den Umfang der Daten, die Facebook mit Hilfe dieses Plugins erhebt und informieren Sie daher entsprechend unserem Kenntnisstand: Durch die Einbindung der Plugins erh\u00e4lt Facebook die Information, dass Sie die entsprechende Seite unseres Internetauftritts aufgerufen haben. Sind Sie bei Facebook eingeloggt, kann Facebook den Besuch Ihrem Facebook-Konto zuordnen. Wenn Sie mit den Plugins interagieren, zum Beispiel den Like Button bet\u00e4tigen oder einen Kommentar abgeben, wird die entsprechende Information von Ihrem Browser direkt an Facebook \u00fcbermittelt und dort gespeichert. Falls Sie kein Mitglied von Facebook sind, besteht trotzdem die M\u00f6glichkeit, dass Facebook Ihre IP-Adresse in Erfahrung bringt und dort speichert. Wenn Sie Facebookmitglied sind und nicht m\u00f6chten, dass Facebook \u00fcber unseren Internetauftritt Daten \u00fcber Sie sammelt und mit Ihren bei Facebook gespeicherten Daten verkn\u00fcpft, m\u00fcssen Sie sich vor Ihrem Besuch unseres Internetauftritts bei Facebook ausloggen. Ebenfalls ist es m\u00f6glich Facebook-Social-Plugins mit Add-ons f\u00fcr Ihren Browser zu blocken, zum Beispiel mit einem \u201cFacebook Blocker\u201c. Zweck und Umfang der Datenerhebung und deren Verarbeitung und Nutzung durch Facebook sowie Ihre diesbez\u00fcglichen Rechte und Einstellungsm\u00f6glichkeiten entnehmen Sie bitte den Facebook-Datenschutzhinweisen&nbsp;www.facebook.com\/policy.php.<\/p>\n\n\n\n<h3 class=\"wp-block-heading\">BILDQUELLEN<\/h3>\n\n\n\n<p>Diese Homepage verwendet Fotos von Andreas Witzany, Felix Witzany, Martin Kruckenfellner und Adobe Stock-Bilder. Es ist uns ein Anliegen, alle Quellen anzugeben. Sollte eine Bildquelle fehlen, haben wir sie nicht gefunden. Melden Sie sich gerne\u00a0bei uns.<\/p>\n\n\n\n<h3 class=\"wp-block-heading\">HAFTUNG<\/h3>\n\n\n\n<p>S\u00e4mtliche Texte auf unserer Homepage wurden sorgf\u00e4ltig gepr\u00fcft. Dessen ungeachtet kann keine Garantie f\u00fcr die Richtigkeit, Vollst\u00e4ndigkeit und Aktualit\u00e4t der Angaben \u00fcbernommen werden. Eine Haftung von Ing. Andreas Witzany CRM Consulting &amp; Dienstleistung EU wird daher ausgeschlossen.<\/p>\n\n\n\n<h2 class=\"wp-block-heading\"><strong>DATENSCHUTZINFORMATION ALLGEMEIN<\/strong><\/h2>\n\n\n\n<p>Ing. Andreas Witzany CRM Consulting &amp; Dienstleistung EU speichert Daten zu Zwecken der Auftragserf\u00fcllung und der weiteren Kundenbetreuung:<\/p>\n\n\n\n<h3 class=\"wp-block-heading\">PERSONENBEZOGENE DATEN UND VERARBEITUNG<\/h3>\n\n\n\n<p>Zum Beispiel Name, Firmenwortlaut, Anschrift, Telefonnummern, E-Mail-Adressen, UID-Nummer, Firmenbuchnummer, Branchenzugeh\u00f6rigkeit, Kontaktpersonen. Kommt kein Kaufvertrag zustande, werden Ihre Daten zu Werbezwecken gespeichert. Sie haben jederzeit die M\u00f6glichkeit, Ihre Daten von Ing. Andreas Witzany CRM Consulting &amp; Dienstleistung EU l\u00f6schen zu lassen.<\/p>\n\n\n\n<h3 class=\"wp-block-heading\"><strong>WEITERGABE VON DATEN AN DRITTE<\/strong><\/h3>\n\n\n\n<p>Eine Weitergabe der Daten an Dritte (z. B. Lizenzgeber, Rechtsvertreter im Gesch\u00e4ftsfall, Wirtschaftstreuh\u00e4nder, Gerichte im Anlassfall, Verwaltungsbeh\u00f6rden im Anlassfall, Mitwirkende Vertrags- und Gesch\u00e4ftspartner, Provider (IT-Dienstleister), Versicherungen im Anlassfall) erfolgt nur, wenn dies f\u00fcr die Vertragserf\u00fcllung notwendig ist.<\/p>\n\n\n\n<h3 class=\"wp-block-heading\"><strong>GEHEIMHALTUNG UND VERSCHWIEGENHEITSPFLICHT<\/strong><\/h3>\n\n\n\n<p>Ing. Andreas Witzany CRM Consulting &amp; Dienstleistung EU verpflichtet sich, ihre MitarbeiterInnen und Erf\u00fcllungsgehilfen, zur Geheimhaltung der Daten und Verschwiegenheit gem\u00e4\u00df \u00a7 6 Datenschutzgesetz (DSG) und Art. 28 Abs. 3 DSGVO in der geltenden Fassung.<\/p>\n\n\n\n<h3 class=\"wp-block-heading\"><strong>IHRE RECHTE<\/strong><\/h3>\n\n\n\n<p>Sie haben im Rahmen der Datenschutz-Grundverordnung (DSGVO 2018) folgende Rechte.<\/p>\n\n\n\n<h4 class=\"wp-block-heading\">Recht auf Auskunft<\/h4>\n\n\n\n<p>Sie k\u00f6nnen Auskunft zur Herkunft, zur Speicherdauer, zum Zweck der zu Ihrer Person und zu Ihrem Gesch\u00e4ftsfall von uns verarbeiteten Daten und zur Art dieser Verarbeitung verlangen.<\/p>\n\n\n\n<h4 class=\"wp-block-heading\">Recht auf Berichtigung<\/h4>\n\n\n\n<p>Verarbeitet Ing. Andreas Witzany CRM Consulting &amp; Dienstleistung EU personenbezogene Daten, die unvollst\u00e4ndig oder fehlerhaft sind, k\u00f6nnen Sie deren Berichtigung bzw. deren Vervollst\u00e4ndigung verlangen<\/p>\n\n\n\n<h4 class=\"wp-block-heading\">Recht auf L\u00f6schung<\/h4>\n\n\n\n<p>Sie sind berechtigt, die L\u00f6schung Ihrer Daten bei Ing. Andreas Witzany CRM Consulting &amp; Dienstleistung EU zu verlangen, wenn einer der folgenden Gr\u00fcnde zutrifft:<br>a) Die personenbezogenen Daten sind f\u00fcr die Zwecke, f\u00fcr die sie erhoben bzw. verarbeitet wurden, nicht mehr notwendig.<br>b) Sie widerrufen Ihre Einwilligung und es fehlt eine Rechtsgrundlage f\u00fcr die weitere Verarbeitung\/Speicherung.<br>c) Sie legen Widerspruch gegen die Verarbeitung ein und es liegen keine berechtigten Gr\u00fcnde f\u00fcr die weitere Verarbeitung vor.<br>d) Ihre Daten wurden unrechtm\u00e4\u00dfig verarbeitet.<\/p>\n\n\n\n<h4 class=\"wp-block-heading\">Recht auf Beschwerde<\/h4>\n\n\n\n<p>Sie haben das Recht auf Beschwerde bei der daf\u00fcr vorgesehenen Aufsichtsbeh\u00f6rde, wenn Sie der Meinung sind, dass Kristina Witzany Training &amp; Consulting EU bzw. Ing. Andreas Witzany CRM Consulting &amp; Dienstleistung EU gegen \u00f6sterreichisches oder europ\u00e4isches Datenschutzrecht verst\u00f6\u00dft.<\/p>\n\n\n\n<h2 class=\"wp-block-heading\">PFLICHTEN VON<\/h2>\n\n\n\n<h4 class=\"wp-block-heading\">Kristina Witzany<br>Training &amp; Consulting EU<br>bzw.<br>Ing. Andreas Witzany<br>CRM Consulting &amp; Dienstleistung EU<\/h4>\n\n\n\n<h3 class=\"wp-block-heading\">MITTEILUNGS- UND MELDEPFLICHT<\/h3>\n\n\n\n<p>Im Falle einer Verletzung des Datenschutzes werden Sie von Kristina Witzany Training &amp; Consulting EU bzw. Ing. Andreas Witzany CRM Consulting &amp; Dienstleistung EU unverz\u00fcglich, jedenfalls innerhalb von 24 Stunden ab Bekanntwerden der Verletzung, informiert. Kristina Witzany Training &amp; Consulting EU bzw. Ing. Andreas Witzany CRM Consulting &amp; Dienstleistung EU informiert Sie unverz\u00fcglich \u00fcber Kontrollen oder Ma\u00dfnahmen von Aufsichtsbeh\u00f6rden, sofern diese in Bezug auf Ihre Daten stehen.<\/p>\n\n\n\n<p>Wird Kristina Witzany Training &amp; Consulting EU bzw. Ing. Andreas Witzany CRM Consulting &amp; Dienstleistung EU von einer Beh\u00f6rde verpflichtet, Ihre Daten herauszugeben, sind wir verpflichtet, Sie unverz\u00fcglich davon in Kenntnis zu setzen.<\/p>\n\n\n\n<h3 class=\"wp-block-heading\">SICHERHEITSMASSNAHMEN<\/h3>\n\n\n\n<p>Kristina Witzany Training &amp; Consulting EU bzw. Ing. Andreas Witzany CRM Consulting &amp; Dienstleistung EU erkl\u00e4rt, dass ausreichende technische und organisatorische Sicherheitsma\u00dfnahmen gem\u00e4\u00df Art. 32 DSGVO ergriffen wurden und diese stets auf dem aktuellen Stand der Technik zu halten.<\/p>\n\n\n\n<h4 class=\"wp-block-heading\">Zugriffskontrolle<\/h4>\n\n\n\n<p>Alle Systeme sind durch einen umfangreichen Passwortschutz gesichert und unterliegen einem Berechtigungskonzept, das sicherstellt, dass nur berechtigte Personen Zugriff auf Daten erhalten.<\/p>\n\n\n\n<h4 class=\"wp-block-heading\">Weitergabekontrolle<\/h4>\n\n\n\n<p>Daten werden \u00fcber sichere Wege \u00fcbermittelt (z. B. mit Firewall und immer aktualisierten Anti-Viren-Programmen gesch\u00fctzte Verbindungen).<\/p>\n\n\n\n<p><strong><a href=\"https:\/\/training.witzany.at\">zur\u00fcck &#8230;<\/a><\/strong><\/p>\n","protected":false},"excerpt":{"rendered":"<p>Die Betreiber dieser Seiten nehmen den Schutz Ihrer pers\u00f6nlichen Daten sehr ernst. Wir behandeln Ihre personenbezogenen Daten vertraulich und entsprechend der gesetzlichen Datenschutzvorschriften sowie dieser Datenschutzerkl\u00e4rung. Die Nutzung unserer Webseite &#8230;<\/p>\n","protected":false},"author":11,"featured_media":0,"parent":0,"menu_order":0,"comment_status":"closed","ping_status":"closed","template":"template-fullwidth.php","meta":{"om_disable_all_campaigns":false,"_monsterinsights_skip_tracking":false,"_monsterinsights_sitenote_active":false,"_monsterinsights_sitenote_note":"","_monsterinsights_sitenote_category":0,"_uf_show_specific_survey":0,"_uf_disable_surveys":false,"footnotes":""},"class_list":["post-1411","page","type-page","status-publish","hentry"],"aioseo_notices":[],"_links":{"self":[{"href":"https:\/\/training.witzany.at\/index.php?rest_route=\/wp\/v2\/pages\/1411","targetHints":{"allow":["GET"]}}],"collection":[{"href":"https:\/\/training.witzany.at\/index.php?rest_route=\/wp\/v2\/pages"}],"about":[{"href":"https:\/\/training.witzany.at\/index.php?rest_route=\/wp\/v2\/types\/page"}],"author":[{"embeddable":true,"href":"https:\/\/training.witzany.at\/index.php?rest_route=\/wp\/v2\/users\/11"}],"replies":[{"embeddable":true,"href":"https:\/\/training.witzany.at\/index.php?rest_route=%2Fwp%2Fv2%2Fcomments&post=1411"}],"version-history":[{"count":1,"href":"https:\/\/training.witzany.at\/index.php?rest_route=\/wp\/v2\/pages\/1411\/revisions"}],"predecessor-version":[{"id":1676,"href":"https:\/\/training.witzany.at\/index.php?rest_route=\/wp\/v2\/pages\/1411\/revisions\/1676"}],"wp:attachment":[{"href":"https:\/\/training.witzany.at\/index.php?rest_route=%2Fwp%2Fv2%2Fmedia&parent=1411"}],"curies":[{"name":"wp","href":"https:\/\/api.w.org\/{rel}","templated":true}]}}